{"id":1881,"date":"2024-12-17T13:55:19","date_gmt":"2024-12-17T13:55:19","guid":{"rendered":"https:\/\/gdjqw.beeweb-orange.io\/?page_id=1881"},"modified":"2025-03-26T12:39:35","modified_gmt":"2025-03-26T12:39:35","slug":"organisationsutveckling","status":"publish","type":"page","link":"https:\/\/roirekrytering.stagingidentitet.se\/en\/organisationsutveckling\/","title":{"rendered":"Organizational development"},"content":{"rendered":"\t\t<div data-elementor-type=\"wp-page\" data-elementor-id=\"1881\" class=\"elementor elementor-1881\" data-elementor-post-type=\"page\">\n\t\t\t\t<div class=\"has_eae_slider elementor-element elementor-element-71ed0bde e-flex e-con-boxed e-con e-parent\" data-id=\"71ed0bde\" data-element_type=\"container\" data-settings=\"{&quot;background_background&quot;:&quot;classic&quot;,&quot;background_motion_fx_motion_fx_scrolling&quot;:&quot;yes&quot;,&quot;background_motion_fx_translateY_effect&quot;:&quot;yes&quot;,&quot;background_motion_fx_translateY_direction&quot;:&quot;negative&quot;,&quot;background_motion_fx_translateY_speed&quot;:{&quot;unit&quot;:&quot;px&quot;,&quot;size&quot;:5.6,&quot;sizes&quot;:[]},&quot;shape_divider_bottom&quot;:&quot;curve&quot;,&quot;shape_divider_bottom_negative&quot;:&quot;yes&quot;,&quot;background_motion_fx_translateY_affectedRange&quot;:{&quot;unit&quot;:&quot;%&quot;,&quot;size&quot;:&quot;&quot;,&quot;sizes&quot;:{&quot;start&quot;:0,&quot;end&quot;:100}},&quot;background_motion_fx_devices&quot;:[&quot;desktop&quot;,&quot;tablet&quot;,&quot;mobile&quot;]}\">\n\t\t\t\t\t<div class=\"e-con-inner\">\n\t\t\t\t<div class=\"elementor-shape elementor-shape-bottom\" data-negative=\"true\">\n\t\t\t<svg xmlns=\"http:\/\/www.w3.org\/2000\/svg\" viewBox=\"0 0 1000 100\" preserveAspectRatio=\"none\">\n\t<path class=\"elementor-shape-fill\" d=\"M500,97C126.7,96.3,0.8,19.8,0,0v100l1000,0V1C1000,19.4,873.3,97.8,500,97z\"\/>\n<\/svg>\t\t<\/div>\n\t\t<div class=\"has_eae_slider elementor-element elementor-element-6fc4e445 e-con-full e-flex e-con e-child\" data-id=\"6fc4e445\" data-element_type=\"container\">\n\t\t\t\t<div class=\"elementor-element elementor-element-163eb8c elementor-widget elementor-widget-heading\" data-id=\"163eb8c\" data-element_type=\"widget\" data-widget_type=\"heading.default\">\n\t\t\t\t<div class=\"elementor-widget-container\">\n\t\t\t\t\t<h2 class=\"elementor-heading-title elementor-size-default\">Organisationsutveckling<\/h2>\t\t\t\t<\/div>\n\t\t\t\t<\/div>\n\t\t\t\t<\/div>\n\t\t<div class=\"has_eae_slider elementor-element elementor-element-3c19bbe6 e-con-full e-flex e-con e-child\" data-id=\"3c19bbe6\" data-element_type=\"container\" data-settings=\"{&quot;background_background&quot;:&quot;classic&quot;}\">\n\t\t\t\t<div class=\"elementor-element elementor-element-5051f46 elementor-widget elementor-widget-heading\" data-id=\"5051f46\" data-element_type=\"widget\" data-widget_type=\"heading.default\">\n\t\t\t\t<div class=\"elementor-widget-container\">\n\t\t\t\t\t<h2 class=\"elementor-heading-title elementor-size-default\">Utveckla er organisation med skr\u00e4ddarsydda l\u00f6sningar!<\/h2>\t\t\t\t<\/div>\n\t\t\t\t<\/div>\n\t\t\t\t<div class=\"elementor-element elementor-element-76371348 elementor-widget elementor-widget-text-editor\" data-id=\"76371348\" data-element_type=\"widget\" data-widget_type=\"text-editor.default\">\n\t\t\t\t<div class=\"elementor-widget-container\">\n\t\t\t\t\t\t\t\t\t<p>Vi \u00e4r mer \u00e4n bara ett rekryteringsf\u00f6retag \u2013 vi erbjuder \u00e4ven djup expertis inom organisationsutveckling. Med ett helhetsperspektiv hj\u00e4lper vi medarbetare, chefer och team att utvecklas, frig\u00f6ra sin fulla potential och n\u00e5 h\u00e5llbara, l\u00f6nsamma resultat.<\/p>\t\t\t\t\t\t\t\t<\/div>\n\t\t\t\t<\/div>\n\t\t\t\t<div class=\"elementor-element elementor-element-86ee1f3 elementor-widget elementor-widget-button\" data-id=\"86ee1f3\" data-element_type=\"widget\" data-widget_type=\"button.default\">\n\t\t\t\t<div class=\"elementor-widget-container\">\n\t\t\t\t\t\t\t\t\t<div class=\"elementor-button-wrapper\">\n\t\t\t\t\t<a class=\"elementor-button elementor-button-link elementor-size-sm elementor-animation-grow\" href=\"#elementor-action%3Aaction%3Dpopup%3Aopen%26settings%3DeyJpZCI6IjIwNTEiLCJ0b2dnbGUiOmZhbHNlfQ%3D%3D\">\n\t\t\t\t\t\t<span class=\"elementor-button-content-wrapper\">\n\t\t\t\t\t\t\t\t\t<span class=\"elementor-button-text\">Vi kontaktar dig<\/span>\n\t\t\t\t\t<\/span>\n\t\t\t\t\t<\/a>\n\t\t\t\t<\/div>\n\t\t\t\t\t\t\t\t<\/div>\n\t\t\t\t<\/div>\n\t\t\t\t<\/div>\n\t\t\t\t\t<\/div>\n\t\t\t\t<\/div>\n\t\t<div class=\"has_eae_slider elementor-element elementor-element-f5d49e2 e-flex e-con-boxed e-con e-parent\" data-id=\"f5d49e2\" data-element_type=\"container\">\n\t\t\t\t\t<div class=\"e-con-inner\">\n\t\t\t\t<div class=\"elementor-element elementor-element-5f8ba92 elementor-widget elementor-widget-heading\" data-id=\"5f8ba92\" data-element_type=\"widget\" data-widget_type=\"heading.default\">\n\t\t\t\t<div class=\"elementor-widget-container\">\n\t\t\t\t\t<h2 class=\"elementor-heading-title elementor-size-default\">V\u00e5ra tj\u00e4nster<\/h2>\t\t\t\t<\/div>\n\t\t\t\t<\/div>\n\t\t\t\t<div class=\"elementor-element elementor-element-49869a7 elementor-widget elementor-widget-text-editor\" data-id=\"49869a7\" data-element_type=\"widget\" data-widget_type=\"text-editor.default\">\n\t\t\t\t<div class=\"elementor-widget-container\">\n\t\t\t\t\t\t\t\t\t<p>Oavsett om ni beh\u00f6ver st\u00f6d i en enskild process eller s\u00f6ker en l\u00e5ngsiktig strategisk partner, <br \/>finns vi h\u00e4r f\u00f6r att hj\u00e4lpa er bygga en starkare och mer framg\u00e5ngsrik organisation.<\/p><p><strong>Kontakta oss, s\u00e5 ber\u00e4ttar vi mer!<\/strong><\/p>\t\t\t\t\t\t\t\t<\/div>\n\t\t\t\t<\/div>\n\t\t\t\t\t<\/div>\n\t\t\t\t<\/div>\n\t\t<div class=\"has_eae_slider elementor-element elementor-element-10bb6677 e-flex e-con-boxed e-con e-parent\" data-id=\"10bb6677\" data-element_type=\"container\">\n\t\t\t\t\t<div class=\"e-con-inner\">\n\t\t<div class=\"has_eae_slider elementor-element elementor-element-12e8b75c e-grid e-con-boxed e-con e-child\" data-id=\"12e8b75c\" data-element_type=\"container\">\n\t\t\t\t\t<div class=\"e-con-inner\">\n\t\t<div class=\"has_eae_slider elementor-element elementor-element-5c6507a5 e-flex e-con-boxed e-con e-child\" data-id=\"5c6507a5\" data-element_type=\"container\">\n\t\t\t\t\t<div class=\"e-con-inner\">\n\t\t\t\t<div class=\"elementor-element elementor-element-7379f3f3 elementor-widget elementor-widget-image\" data-id=\"7379f3f3\" data-element_type=\"widget\" data-widget_type=\"image.default\">\n\t\t\t\t<div class=\"elementor-widget-container\">\n\t\t\t\t\t\t\t\t\t\t\t\t\t\t\t<img fetchpriority=\"high\" decoding=\"async\" width=\"800\" height=\"533\" src=\"https:\/\/roirekrytering.stagingidentitet.se\/wp-content\/uploads\/2025\/03\/WSR-Blog-image-10.jpg\" class=\"attachment-large size-large wp-image-2320\" alt=\"\" srcset=\"https:\/\/roirekrytering.stagingidentitet.se\/wp-content\/uploads\/2025\/03\/WSR-Blog-image-10.jpg 800w, https:\/\/roirekrytering.stagingidentitet.se\/wp-content\/uploads\/2025\/03\/WSR-Blog-image-10-300x200.jpg 300w, https:\/\/roirekrytering.stagingidentitet.se\/wp-content\/uploads\/2025\/03\/WSR-Blog-image-10-768x512.jpg 768w, https:\/\/roirekrytering.stagingidentitet.se\/wp-content\/uploads\/2025\/03\/WSR-Blog-image-10-18x12.jpg 18w\" sizes=\"(max-width: 800px) 100vw, 800px\" \/>\t\t\t\t\t\t\t\t\t\t\t\t\t\t\t<\/div>\n\t\t\t\t<\/div>\n\t\t\t\t<div class=\"elementor-element elementor-element-e17a117 elementor-widget elementor-widget-heading\" data-id=\"e17a117\" data-element_type=\"widget\" data-widget_type=\"heading.default\">\n\t\t\t\t<div class=\"elementor-widget-container\">\n\t\t\t\t\t<h2 class=\"elementor-heading-title elementor-size-default\">Coach- och ledarst\u00f6d <\/h2>\t\t\t\t<\/div>\n\t\t\t\t<\/div>\n\t\t\t\t<div class=\"elementor-element elementor-element-1085aa5b elementor-widget elementor-widget-text-editor\" data-id=\"1085aa5b\" data-element_type=\"widget\" data-widget_type=\"text-editor.default\">\n\t\t\t\t<div class=\"elementor-widget-container\">\n\t\t\t\t\t\t\t\t\t<p>Individanpassat st\u00f6d f\u00f6r medarbetare, chefer och ledare i b\u00e5de vardagliga utmaningar och strategiska initiativ.<\/p>\t\t\t\t\t\t\t\t<\/div>\n\t\t\t\t<\/div>\n\t\t\t\t\t<\/div>\n\t\t\t\t<\/div>\n\t\t<div class=\"has_eae_slider elementor-element elementor-element-7d2a0c3f e-flex e-con-boxed e-con e-child\" data-id=\"7d2a0c3f\" data-element_type=\"container\">\n\t\t\t\t\t<div class=\"e-con-inner\">\n\t\t\t\t<div class=\"elementor-element elementor-element-af3ab4 elementor-widget elementor-widget-image\" data-id=\"af3ab4\" data-element_type=\"widget\" data-widget_type=\"image.default\">\n\t\t\t\t<div class=\"elementor-widget-container\">\n\t\t\t\t\t\t\t\t\t\t\t\t\t\t\t<img decoding=\"async\" width=\"800\" height=\"533\" src=\"https:\/\/roirekrytering.stagingidentitet.se\/wp-content\/uploads\/2025\/01\/Del-1-i-serien-om-Foretagskultur-och-varderingar.jpg\" class=\"attachment-large size-large wp-image-2012\" alt=\"\" srcset=\"https:\/\/roirekrytering.stagingidentitet.se\/wp-content\/uploads\/2025\/01\/Del-1-i-serien-om-Foretagskultur-och-varderingar.jpg 800w, https:\/\/roirekrytering.stagingidentitet.se\/wp-content\/uploads\/2025\/01\/Del-1-i-serien-om-Foretagskultur-och-varderingar-300x200.jpg 300w, https:\/\/roirekrytering.stagingidentitet.se\/wp-content\/uploads\/2025\/01\/Del-1-i-serien-om-Foretagskultur-och-varderingar-768x512.jpg 768w\" sizes=\"(max-width: 800px) 100vw, 800px\" \/>\t\t\t\t\t\t\t\t\t\t\t\t\t\t\t<\/div>\n\t\t\t\t<\/div>\n\t\t\t\t<div class=\"elementor-element elementor-element-17a5080b elementor-widget elementor-widget-heading\" data-id=\"17a5080b\" data-element_type=\"widget\" data-widget_type=\"heading.default\">\n\t\t\t\t<div class=\"elementor-widget-container\">\n\t\t\t\t\t<h2 class=\"elementor-heading-title elementor-size-default\">Ledarskapsutveckling <\/h2>\t\t\t\t<\/div>\n\t\t\t\t<\/div>\n\t\t\t\t<div class=\"elementor-element elementor-element-3d338a87 elementor-widget elementor-widget-text-editor\" data-id=\"3d338a87\" data-element_type=\"widget\" data-widget_type=\"text-editor.default\">\n\t\t\t\t<div class=\"elementor-widget-container\">\n\t\t\t\t\t\t\t\t\t<p>Vi utrustar era ledare med r\u00e4tt verktyg och insikter f\u00f6r att skapa snabba, synliga och h\u00e5llbara resultat.<\/p>\t\t\t\t\t\t\t\t<\/div>\n\t\t\t\t<\/div>\n\t\t\t\t\t<\/div>\n\t\t\t\t<\/div>\n\t\t<div class=\"has_eae_slider elementor-element elementor-element-68396305 e-flex e-con-boxed e-con e-child\" data-id=\"68396305\" data-element_type=\"container\">\n\t\t\t\t\t<div class=\"e-con-inner\">\n\t\t\t\t<div class=\"elementor-element elementor-element-5062ca33 elementor-widget elementor-widget-image\" data-id=\"5062ca33\" data-element_type=\"widget\" data-widget_type=\"image.default\">\n\t\t\t\t<div class=\"elementor-widget-container\">\n\t\t\t\t\t\t\t\t\t\t\t\t\t\t\t<img decoding=\"async\" width=\"800\" height=\"533\" src=\"https:\/\/roirekrytering.stagingidentitet.se\/wp-content\/uploads\/2025\/01\/Fem-konkreta-tips-hur-ni-starker-ert-Employer-Brand-och-attraherar-ratt-kompetens.jpg\" class=\"attachment-large size-large wp-image-2011\" alt=\"\" srcset=\"https:\/\/roirekrytering.stagingidentitet.se\/wp-content\/uploads\/2025\/01\/Fem-konkreta-tips-hur-ni-starker-ert-Employer-Brand-och-attraherar-ratt-kompetens.jpg 800w, https:\/\/roirekrytering.stagingidentitet.se\/wp-content\/uploads\/2025\/01\/Fem-konkreta-tips-hur-ni-starker-ert-Employer-Brand-och-attraherar-ratt-kompetens-300x200.jpg 300w, https:\/\/roirekrytering.stagingidentitet.se\/wp-content\/uploads\/2025\/01\/Fem-konkreta-tips-hur-ni-starker-ert-Employer-Brand-och-attraherar-ratt-kompetens-768x512.jpg 768w\" sizes=\"(max-width: 800px) 100vw, 800px\" \/>\t\t\t\t\t\t\t\t\t\t\t\t\t\t\t<\/div>\n\t\t\t\t<\/div>\n\t\t\t\t<div class=\"elementor-element elementor-element-74673eac elementor-widget elementor-widget-heading\" data-id=\"74673eac\" data-element_type=\"widget\" data-widget_type=\"heading.default\">\n\t\t\t\t<div class=\"elementor-widget-container\">\n\t\t\t\t\t<h2 class=\"elementor-heading-title elementor-size-default\">Teamutveckling <\/h2>\t\t\t\t<\/div>\n\t\t\t\t<\/div>\n\t\t\t\t<div class=\"elementor-element elementor-element-48410d12 elementor-widget elementor-widget-text-editor\" data-id=\"48410d12\" data-element_type=\"widget\" data-widget_type=\"text-editor.default\">\n\t\t\t\t<div class=\"elementor-widget-container\">\n\t\t\t\t\t\t\t\t\t<p>Vi st\u00e4rker era team genom att\u00a0<br \/><span style=\"color: var( --e-global-color-text ); font-family: var( --e-global-typography-text-font-family ), Sans-serif; font-size: var( --e-global-typography-text-font-size ); font-weight: var( --e-global-typography-text-font-weight ); letter-spacing: var( --e-global-typography-text-letter-spacing ); word-spacing: var( --e-global-typography-text-word-spacing );\">f\u00f6rb\u00e4ttra samarbete, kommunikation och prestation f\u00f6r en mer effektiv arbetskultur.<\/span><\/p>\t\t\t\t\t\t\t\t<\/div>\n\t\t\t\t<\/div>\n\t\t\t\t\t<\/div>\n\t\t\t\t<\/div>\n\t\t\t\t\t<\/div>\n\t\t\t\t<\/div>\n\t\t<div class=\"has_eae_slider elementor-element elementor-element-f915827 e-grid e-con-full e-con e-child\" data-id=\"f915827\" data-element_type=\"container\">\n\t\t<div class=\"has_eae_slider elementor-element elementor-element-6ebae4d e-flex e-con-boxed e-con e-child\" data-id=\"6ebae4d\" data-element_type=\"container\">\n\t\t\t\t\t<div class=\"e-con-inner\">\n\t\t\t\t<div class=\"elementor-element elementor-element-cd720ab elementor-widget elementor-widget-image\" data-id=\"cd720ab\" data-element_type=\"widget\" data-widget_type=\"image.default\">\n\t\t\t\t<div class=\"elementor-widget-container\">\n\t\t\t\t\t\t\t\t\t\t\t\t\t\t\t<img loading=\"lazy\" decoding=\"async\" width=\"800\" height=\"533\" src=\"https:\/\/roirekrytering.stagingidentitet.se\/wp-content\/uploads\/2025\/01\/WSR-Blog-image-4.jpg\" class=\"attachment-large size-large wp-image-2151\" alt=\"\" srcset=\"https:\/\/roirekrytering.stagingidentitet.se\/wp-content\/uploads\/2025\/01\/WSR-Blog-image-4.jpg 800w, https:\/\/roirekrytering.stagingidentitet.se\/wp-content\/uploads\/2025\/01\/WSR-Blog-image-4-300x200.jpg 300w, https:\/\/roirekrytering.stagingidentitet.se\/wp-content\/uploads\/2025\/01\/WSR-Blog-image-4-768x512.jpg 768w, https:\/\/roirekrytering.stagingidentitet.se\/wp-content\/uploads\/2025\/01\/WSR-Blog-image-4-18x12.jpg 18w\" sizes=\"(max-width: 800px) 100vw, 800px\" \/>\t\t\t\t\t\t\t\t\t\t\t\t\t\t\t<\/div>\n\t\t\t\t<\/div>\n\t\t\t\t<div class=\"elementor-element elementor-element-767279a elementor-widget elementor-widget-heading\" data-id=\"767279a\" data-element_type=\"widget\" data-widget_type=\"heading.default\">\n\t\t\t\t<div class=\"elementor-widget-container\">\n\t\t\t\t\t<h2 class=\"elementor-heading-title elementor-size-default\">Kultur- och v\u00e4rderingsarbete<\/h2>\t\t\t\t<\/div>\n\t\t\t\t<\/div>\n\t\t\t\t<div class=\"elementor-element elementor-element-ec01e0a elementor-widget elementor-widget-text-editor\" data-id=\"ec01e0a\" data-element_type=\"widget\" data-widget_type=\"text-editor.default\">\n\t\t\t\t<div class=\"elementor-widget-container\">\n\t\t\t\t\t\t\t\t\t<p>Vi hj\u00e4lper er att definiera, implementera och leva efter era v\u00e4rderingar f\u00f6r att skapa en stark och enhetlig f\u00f6retagskultur.<\/p>\t\t\t\t\t\t\t\t<\/div>\n\t\t\t\t<\/div>\n\t\t\t\t\t<\/div>\n\t\t\t\t<\/div>\n\t\t<div class=\"has_eae_slider elementor-element elementor-element-7d8be1c e-flex e-con-boxed e-con e-child\" data-id=\"7d8be1c\" data-element_type=\"container\">\n\t\t\t\t\t<div class=\"e-con-inner\">\n\t\t\t\t<div class=\"elementor-element elementor-element-d480208 elementor-widget elementor-widget-image\" data-id=\"d480208\" data-element_type=\"widget\" data-widget_type=\"image.default\">\n\t\t\t\t<div class=\"elementor-widget-container\">\n\t\t\t\t\t\t\t\t\t\t\t\t\t\t\t<img loading=\"lazy\" decoding=\"async\" width=\"800\" height=\"533\" src=\"https:\/\/roirekrytering.stagingidentitet.se\/wp-content\/uploads\/2025\/01\/WSR-Blog-image-5.jpg\" class=\"attachment-large size-large wp-image-2152\" alt=\"\" srcset=\"https:\/\/roirekrytering.stagingidentitet.se\/wp-content\/uploads\/2025\/01\/WSR-Blog-image-5.jpg 800w, https:\/\/roirekrytering.stagingidentitet.se\/wp-content\/uploads\/2025\/01\/WSR-Blog-image-5-300x200.jpg 300w, https:\/\/roirekrytering.stagingidentitet.se\/wp-content\/uploads\/2025\/01\/WSR-Blog-image-5-768x512.jpg 768w, https:\/\/roirekrytering.stagingidentitet.se\/wp-content\/uploads\/2025\/01\/WSR-Blog-image-5-18x12.jpg 18w\" sizes=\"(max-width: 800px) 100vw, 800px\" \/>\t\t\t\t\t\t\t\t\t\t\t\t\t\t\t<\/div>\n\t\t\t\t<\/div>\n\t\t\t\t<div class=\"elementor-element elementor-element-8602305 elementor-widget elementor-widget-heading\" data-id=\"8602305\" data-element_type=\"widget\" data-widget_type=\"heading.default\">\n\t\t\t\t<div class=\"elementor-widget-container\">\n\t\t\t\t\t<h2 class=\"elementor-heading-title elementor-size-default\">F\u00f6r\u00e4ndringsledning <\/h2>\t\t\t\t<\/div>\n\t\t\t\t<\/div>\n\t\t\t\t<div class=\"elementor-element elementor-element-53091e0 elementor-widget elementor-widget-text-editor\" data-id=\"53091e0\" data-element_type=\"widget\" data-widget_type=\"text-editor.default\">\n\t\t\t\t<div class=\"elementor-widget-container\">\n\t\t\t\t\t\t\t\t\t<p>Vi utbildar och utrustar era ledare <br \/>och medarbetare med r\u00e4tt verktyg <br \/>och metoder f\u00f6r att driva f\u00f6r\u00e4ndringsprocesser p\u00e5 ett effektivt och h\u00e5llbart s\u00e4tt.<\/p>\t\t\t\t\t\t\t\t<\/div>\n\t\t\t\t<\/div>\n\t\t\t\t\t<\/div>\n\t\t\t\t<\/div>\n\t\t<div class=\"has_eae_slider elementor-element elementor-element-d1e4560 e-flex e-con-boxed e-con e-child\" data-id=\"d1e4560\" data-element_type=\"container\">\n\t\t\t\t\t<div class=\"e-con-inner\">\n\t\t\t\t<div class=\"elementor-element elementor-element-f9ca24f elementor-widget elementor-widget-image\" data-id=\"f9ca24f\" data-element_type=\"widget\" data-widget_type=\"image.default\">\n\t\t\t\t<div class=\"elementor-widget-container\">\n\t\t\t\t\t\t\t\t\t\t\t\t\t\t\t<img loading=\"lazy\" decoding=\"async\" width=\"800\" height=\"533\" src=\"https:\/\/roirekrytering.stagingidentitet.se\/wp-content\/uploads\/2025\/01\/WSR-Blog-image-3.jpg\" class=\"attachment-large size-large wp-image-2150\" alt=\"\" srcset=\"https:\/\/roirekrytering.stagingidentitet.se\/wp-content\/uploads\/2025\/01\/WSR-Blog-image-3.jpg 800w, https:\/\/roirekrytering.stagingidentitet.se\/wp-content\/uploads\/2025\/01\/WSR-Blog-image-3-300x200.jpg 300w, https:\/\/roirekrytering.stagingidentitet.se\/wp-content\/uploads\/2025\/01\/WSR-Blog-image-3-768x512.jpg 768w, https:\/\/roirekrytering.stagingidentitet.se\/wp-content\/uploads\/2025\/01\/WSR-Blog-image-3-18x12.jpg 18w\" sizes=\"(max-width: 800px) 100vw, 800px\" \/>\t\t\t\t\t\t\t\t\t\t\t\t\t\t\t<\/div>\n\t\t\t\t<\/div>\n\t\t\t\t<div class=\"elementor-element elementor-element-6bf1a88 elementor-widget elementor-widget-heading\" data-id=\"6bf1a88\" data-element_type=\"widget\" data-widget_type=\"heading.default\">\n\t\t\t\t<div class=\"elementor-widget-container\">\n\t\t\t\t\t<h2 class=\"elementor-heading-title elementor-size-default\">Kompetenskartl\u00e4ggning<\/h2>\t\t\t\t<\/div>\n\t\t\t\t<\/div>\n\t\t\t\t<div class=\"elementor-element elementor-element-8b5f8e3 elementor-widget elementor-widget-text-editor\" data-id=\"8b5f8e3\" data-element_type=\"widget\" data-widget_type=\"text-editor.default\">\n\t\t\t\t<div class=\"elementor-widget-container\">\n\t\t\t\t\t\t\t\t\t<p>Vi identifierar era styrkor och utvecklingsomr\u00e5den f\u00f6r att s\u00e4kerst\u00e4lla att r\u00e4tt kompetens finns p\u00e5 r\u00e4tt plats vid r\u00e4tt tidpunkt.<\/p>\t\t\t\t\t\t\t\t<\/div>\n\t\t\t\t<\/div>\n\t\t\t\t\t<\/div>\n\t\t\t\t<\/div>\n\t\t\t\t<\/div>\n\t\t\t\t\t<\/div>\n\t\t\t\t<\/div>\n\t\t\t\t<\/div>\n\t\t","protected":false},"excerpt":{"rendered":"<p>Organisationsutveckling Utveckla er organisation med skr\u00e4ddarsydda l\u00f6sningar! Vi \u00e4r mer \u00e4n bara ett rekryteringsf\u00f6retag \u2013 vi erbjuder \u00e4ven djup expertis inom organisationsutveckling. Med ett helhetsperspektiv hj\u00e4lper vi medarbetare, chefer och team att utvecklas, frig\u00f6ra sin fulla potential och n\u00e5 h\u00e5llbara, l\u00f6nsamma resultat. Vi kontaktar dig V\u00e5ra tj\u00e4nster Oavsett om ni beh\u00f6ver st\u00f6d i en enskild [&hellip;]<\/p>\n","protected":false},"author":2,"featured_media":0,"parent":0,"menu_order":0,"comment_status":"closed","ping_status":"closed","template":"","meta":{"footnotes":""},"class_list":["post-1881","page","type-page","status-publish","hentry"],"_links":{"self":[{"href":"https:\/\/roirekrytering.stagingidentitet.se\/en\/wp-json\/wp\/v2\/pages\/1881","targetHints":{"allow":["GET"]}}],"collection":[{"href":"https:\/\/roirekrytering.stagingidentitet.se\/en\/wp-json\/wp\/v2\/pages"}],"about":[{"href":"https:\/\/roirekrytering.stagingidentitet.se\/en\/wp-json\/wp\/v2\/types\/page"}],"author":[{"embeddable":true,"href":"https:\/\/roirekrytering.stagingidentitet.se\/en\/wp-json\/wp\/v2\/users\/2"}],"replies":[{"embeddable":true,"href":"https:\/\/roirekrytering.stagingidentitet.se\/en\/wp-json\/wp\/v2\/comments?post=1881"}],"version-history":[{"count":0,"href":"https:\/\/roirekrytering.stagingidentitet.se\/en\/wp-json\/wp\/v2\/pages\/1881\/revisions"}],"wp:attachment":[{"href":"https:\/\/roirekrytering.stagingidentitet.se\/en\/wp-json\/wp\/v2\/media?parent=1881"}],"curies":[{"name":"wp","href":"https:\/\/api.w.org\/{rel}","templated":true}]}}