{"id":3,"date":"2024-04-15T09:12:42","date_gmt":"2024-04-15T09:12:42","guid":{"rendered":"https:\/\/gdjqw.beeweb-orange.io\/?page_id=3"},"modified":"2026-04-11T11:04:59","modified_gmt":"2026-04-11T11:04:59","slug":"privacy-policy","status":"publish","type":"page","link":"https:\/\/roirekrytering.stagingidentitet.se\/en\/privacy-policy\/","title":{"rendered":"Privacy Policy &#8211; Sekretess- och integritetspolicy"},"content":{"rendered":"<div data-elementor-type=\"wp-page\" data-elementor-id=\"3\" class=\"elementor elementor-3\" data-elementor-post-type=\"page\">\n\t\t\t\t<div class=\"has_eae_slider elementor-element elementor-element-3a0e3579 e-con-full e-flex e-con e-parent\" data-id=\"3a0e3579\" data-element_type=\"container\" data-settings=\"{&quot;background_background&quot;:&quot;classic&quot;}\">\n\t\t\t\t<\/div>\n\t\t<div class=\"has_eae_slider elementor-element elementor-element-3f19f45b e-flex e-con-boxed e-con e-parent\" data-id=\"3f19f45b\" data-element_type=\"container\">\n\t\t\t\t\t<div class=\"e-con-inner\">\n\t\t\t\t<div class=\"elementor-element elementor-element-51343df elementor-widget elementor-widget-heading\" data-id=\"51343df\" data-element_type=\"widget\" data-widget_type=\"heading.default\">\n\t\t\t\t<div class=\"elementor-widget-container\">\n\t\t\t\t\t<h1 class=\"elementor-heading-title elementor-size-default\">Sekretess- och integritetspolicy\n<\/h1>\t\t\t\t<\/div>\n\t\t\t\t<\/div>\n\t\t\t\t<div class=\"elementor-element elementor-element-5c808e86 elementor-widget elementor-widget-text-editor\" data-id=\"5c808e86\" data-element_type=\"widget\" data-widget_type=\"text-editor.default\">\n\t\t\t\t<div class=\"elementor-widget-container\">\n\t\t\t\t\t\t\t\t\t<h1><span style=\"color: var( --e-global-color-text ); font-family: var( --e-global-typography-text-font-family ), Sans-serif; font-size: var( --e-global-typography-text-font-size ); font-weight: var( --e-global-typography-text-font-weight ); letter-spacing: var( --e-global-typography-text-letter-spacing ); text-align: var(--text-align);\">N\u00e4r du anv\u00e4nder ROI Rekrytering och Rekryteringsakademins tj\u00e4nster anf\u00f6rtror du oss dina uppgifter. I den h\u00e4r sekretesspolicyn f\u00f6rklarar vi vilken data vi samlar in, varf\u00f6r vi samlar in den och vad vi anv\u00e4nder den till. Det h\u00e4r \u00e4r viktigt! Vi hoppas att du vill avs\u00e4tta lite tid f\u00f6r att l\u00e4sa igenom policyn noggrant.<\/span><\/h1><h3 id=\"sekretess\">Sekretesspolicy f\u00f6r kunder och kandidater<\/h3><p>V\u00e5ra tj\u00e4nster kan anv\u00e4ndas till m\u00e5nga olika saker \u2013 \u00a0men fr\u00e4mst kopplat till rekrytering, oavsett om du \u00e4r kandidat eller agerar i enlighet med en uppdragsgivare f\u00f6r att hitta ny personal.<\/p><h3>Sekretesspolicyn f\u00f6rklarar f\u00f6ljande:<\/h3><ul><li>Vilken information vi samlar in och varf\u00f6r.<\/li><li>Hur vi anv\u00e4nder informationen ifr\u00e5ga.<\/li><li>Vilka valm\u00f6jligheter vi ger dig, till exempel vad g\u00e4ller \u00e5tkomst till och uppdatering av information.<\/li><\/ul><p>Vi har f\u00f6rs\u00f6kt att g\u00f6ra det s\u00e5 enkelt som m\u00f6jligt. Om du inte k\u00e4nner till begrepp som cookies, IP-adresser, pixeltaggar och webbl\u00e4sare f\u00f6resl\u00e5r vi att du f\u00f6rst l\u00e4ser om dessa\u00a0termer l\u00e4ngre ner p\u00e5 denna sida. Roi Rekrytering v\u00e4rnar om din integritet. Oavsett om Roi Rekrytering \u00e4r nytt f\u00f6r dig eller om du har anv\u00e4nt v\u00e5ra tj\u00e4nster l\u00e4nge b\u00f6r du bekanta dig med v\u00e5r sekretesspraxis. Om du har n\u00e5gra fr\u00e5gor kan du alltid\u00a0kontakta oss.<\/p><h3>Information som vi samlar in p\u00e5 kunder och kandidater<\/h3><p>Genom att samla in information kan vi f\u00f6rb\u00e4ttra v\u00e5ra tj\u00e4nster f\u00f6r alla anv\u00e4ndare \u2013 fr\u00e5n grundl\u00e4ggande saker som att se p\u00e5 hur du ans\u00f6ker en tj\u00e4nst eller hur du hanterar en rekrytering.<\/p><h3>Vi samlar in information p\u00e5 f\u00f6ljande s\u00e4tt:<\/h3><ul><li>Information som du uppger n\u00e4r du s\u00f6ker ett ledigt jobb.\u00a0D\u00e5 ber vi dig om\u00a0personuppgifter till exempel namn, e-postadress, telefonnummer, CV med mera.<\/li><li>Information som vi f\u00e5r n\u00e4r du anv\u00e4nder v\u00e5ra tj\u00e4nster.\u00a0Vi\u00a0samlar in\u00a0om vilka tj\u00e4nster du anv\u00e4nder och hur du anv\u00e4nder dem, till exempel hur du hanterar en rekrytering.<\/li><\/ul><h3>Enhetsinformation<\/h3><p>Vi samlar in\u00a0information om den specifika enheten\u00a0som anv\u00e4nds (till exempel maskinvarumodell, operativsystemets version,\u00a0unikt enhets-ID\u00a0och information om mobila n\u00e4tverk, inklusive telefonnummer).<\/p><h3>Logginformation f\u00f6r dig som rekryterar<\/h3><p>N\u00e4r du anv\u00e4nder v\u00e5ra tj\u00e4nster eller visar inneh\u00e5ll som tillhandah\u00e5lls av ROI Rekrytering samlas viss information in och sparas automatiskt i serverloggar. Loggdata inneh\u00e5ller f\u00f6ljande:<\/p><ul><li>Information om hur du anv\u00e4nde v\u00e5r tj\u00e4nst, till exempel hur du ser p\u00e5 kandidater.<\/li><li>Cookies som kan identifiera din webbl\u00e4sare<\/li><li>Cookies och liknande teknik<\/li><\/ul><p>Vi anv\u00e4nder olika tekniker f\u00f6r att samla in och spara information n\u00e4r du anv\u00e4nder n\u00e5gon av ROI Rekryterings tj\u00e4nster eller bes\u00f6ker v\u00e5r hemsida. Det kan inneb\u00e4ra att cookies eller liknande tekniker anv\u00e4nds f\u00f6r att identifiera din webbl\u00e4sare eller enhet. Vi anv\u00e4nder \u00e4ven dessa tekniker f\u00f6r att samla in och lagra information n\u00e4r du interagerar med tj\u00e4nster.<\/p><h3>S\u00e5 h\u00e4r anv\u00e4nds informationen som vi samlar in f\u00f6r kunder och kandidater<\/h3><p>Information som vi samlar in fr\u00e5n v\u00e5ra tj\u00e4nster anv\u00e4nds f\u00f6r att tillhandah\u00e5lla, underh\u00e5lla, skydda och f\u00f6rb\u00e4ttra tj\u00e4nsterna, f\u00f6r att utveckla nya tj\u00e4nster och f\u00f6r att skydda ROI Rekrytering och v\u00e5ra anv\u00e4ndare. Vi anv\u00e4nder ocks\u00e5 i vissa fall informationen f\u00f6r att ge dig anpassat inneh\u00e5ll, till exempel e-posterbjudande, kampanjer och annonser som \u00e4r mer relevanta f\u00f6r dig.<\/p><p>Informationen som vi samlar in med hj\u00e4lp av cookies och annan teknik, t ex pixeltaggar, anv\u00e4nds f\u00f6r att\u00a0f\u00f6rb\u00e4ttra anv\u00e4ndarupplevelsen\u00a0och den \u00f6vergripande kvaliteten p\u00e5 v\u00e5ra tj\u00e4nster. En av produkterna som vi anv\u00e4nder f\u00f6r det \u00e4ndam\u00e5let \u00e4r Google Analytics.<\/p><p>Om vi vill anv\u00e4nda information i ett annat syfte \u00e4n vad som beskrivs i denna sekretesspolicy fr\u00e5gar vi f\u00f6rst efter ditt samtycke.<\/p><p>Roi Rekrytering hanterar personuppgifter som lagras p\u00e5 servrar som befinner sig i Amsterdam, Nederl\u00e4nderna. Dessa servrar tillhandah\u00e5lles av DigitalOcean, LLC.<\/p><h3>\u00d6ppenhet och valm\u00f6jlighet f\u00f6r kunder och kandidater<\/h3><p>Olika anv\u00e4ndare har olika syn p\u00e5 sekretess. Vi vill vara tydliga med vilken information vi samlar in, s\u00e5 att du kan fatta v\u00e4lgrundade beslut om hur den f\u00e5r anv\u00e4ndas. Har du n\u00e5gra funderingar kring vilka uppgifter vi har p\u00e5 dig \u00e4r du alltid varmt v\u00e4lkommen att kontakta oss direkt p\u00e5\u00a0<a href=\"mailto:info@roirekrytering.stagingidentitet.se\">info@roirekrytering.stagingidentitet.se<\/a>. Vill du exportera ut den information vi har p\u00e5 dig kan vi g\u00f6ra detta och leverera informationen via e-post till dig.<\/p><h3>N\u00e4r du som kund vill komma \u00e5t och uppdatera personuppgifter<\/h3><p>Vi vill att du som kund hos oss och anv\u00e4ndare av v\u00e5rt rekryteringsverktyg ska kunna\u00a0komma \u00e5t dina uppgifter\u00a0n\u00e4r du anv\u00e4nder v\u00e5ra tj\u00e4nster. Om uppgifterna \u00e4r felaktiga vill vi ge dig m\u00f6jlighet att enkelt uppdatera eller ta bort dem \u2013 f\u00f6rutsatt att informationen inte m\u00e5ste sparas av giltiga aff\u00e4rssyften eller av juridiska sk\u00e4l. N\u00e4r du uppdaterar dina uppgifter kan vi kr\u00e4va att du bekr\u00e4ftar din identitet innan vi utf\u00f6r \u00e5tg\u00e4rden.<\/p><p>Vi kan neka en beg\u00e4ran om den upprepas ett orimligt antal g\u00e5nger, kr\u00e4ver oproportionerligt mycket tekniskt arbete (till exempel utveckling av ett nytt system eller genomgripande \u00e4ndringar i befintlig praxis), riskerar andras integritet eller \u00e4r mycket opraktisk (till exempel en beg\u00e4ran om information som finns i v\u00e5ra system f\u00f6r s\u00e4kerhetskopior).<\/p><p>N\u00e4r vi kan ge \u00e5tkomst till uppgifter och korrigering g\u00f6r vi det utan avgift, f\u00f6rutom i de fall det kr\u00e4ver oproportionerligt mycket arbete. Vi har som m\u00e5l att h\u00e5lla v\u00e5ra tj\u00e4nster i s\u00e5dant skick att information inte f\u00f6rst\u00f6rs av misstag eller genom skadliga processer. N\u00e4r du tar bort information i v\u00e5ra tj\u00e4nster kan det d\u00e4rf\u00f6r ta ett tag innan kopior av den borttagna informationen f\u00f6rsvinner fr\u00e5n v\u00e5ra aktiva servrar, dock sker det inom 72 timmar. Dessutom kan informationen finnas kvar i v\u00e5ra s\u00e4kerhetskopieringssystem, \u00e4ven h\u00e4r upp till 72 timmar, efter detta kommer all information att raderas och m\u00f6jlighet f\u00f6r \u00e5terst\u00e4llning kan efter detta dessv\u00e4rre inte ske.<\/p><h3>Information som vi delar kopplat till kunder och kandidater<\/h3><p>Vi delar inte personuppgifter med f\u00f6retag, organisationer eller personer utanf\u00f6r ROI Rekryterings n\u00e4tverk (kunder, leverant\u00f6rer och samarbetspartners) f\u00f6rutom i f\u00f6ljande situationer:<\/p><ul><li>Med ditt samtycke<\/li><\/ul><p>Vi kan dock dela personuppgifter med f\u00f6retag\/uppdragsgivare kopplat till p\u00e5g\u00e5ende rekryteringsprocesser.<\/p><h3>Informationss\u00e4kerhet f\u00f6r kunder<\/h3><p>Vi jobbar h\u00e5rt f\u00f6r att skydda Roi Rekrytering och v\u00e5ra anv\u00e4ndare mot obeh\u00f6rig \u00e5tkomst, \u00e4ndring, yppande eller f\u00f6rst\u00f6relse av information som vi f\u00f6rvaltar. Specifika s\u00e4kerhets\u00e5tg\u00e4rder:<\/p><ul><li>Vi krypterar m\u00e5nga av v\u00e5ra tj\u00e4nster\u00a0med SSL.<\/li><li>Du loggar in p\u00e5 ditt konto med\u00a0tv\u00e5stegsverifiering\u00a0<\/li><li>Vi granskar v\u00e5ra rutiner f\u00f6r insamling, lagring och behandling av data, inklusive fysiska s\u00e4kerhets\u00e5tg\u00e4rder, i syfte att skydda mot obeh\u00f6rig \u00e5tkomst till system.<\/li><li>Vi begr\u00e4nsar \u00e5tkomst till personuppgifter till Roi Rekryterings anst\u00e4llda, och leverant\u00f6rer som beh\u00f6ver uppgifterna f\u00f6r att kunna behandla dem p\u00e5 uppdrag av oss. De \u00e4r f\u00f6rbundna till strikt konfidentialitet enligt kontrakt (personuppgiftsbitr\u00e4desavtal).<\/li><\/ul><h3>Sekretesspolicyns till\u00e4mplighet f\u00f6r kunder och kandidater<\/h3><p>Sekretesspolicyn g\u00e4ller f\u00f6r alla tj\u00e4nster som erbjuds av Roi Rekrytering och Rekryteringsakademin.<\/p><p>V\u00e5r sekretesspolicy g\u00e4ller inte tj\u00e4nster som tillhandah\u00e5lls av andra f\u00f6retag eller personer.<\/p><h3>\u00c4ndringar<\/h3><p>Sekretesspolicyn kan komma att \u00e4ndras fr\u00e5n tid till annan. Vi kommer inte att begr\u00e4nsa dina r\u00e4ttigheter enligt denna sekretesspolicy utan ditt uttryckliga samtycke. Vi kommer att l\u00e4gga upp meddelanden om \u00e4ndringar i sekretesspolicyn p\u00e5 den h\u00e4r sidan och om \u00e4ndringarna \u00e4r betydande kommer vi att tillhandah\u00e5lla ett mer framtr\u00e4dande meddelande (inklusive e-postmeddelanden om \u00e4ndringar av sekretesspolicyn f\u00f6r vissa tj\u00e4nster).\u00a0<\/p><h2 id=\"begrepp\">Begreppsf\u00f6rklaring<\/h2><h3>Cookies<\/h3><p>En cookie \u00e4r en liten fil som inneh\u00e5ller en teckenstr\u00e4ng. Den skickas till din dator n\u00e4r du bes\u00f6ker en webbplats. Med hj\u00e4lp av cookien k\u00e4nner webbplatsen igen din webbl\u00e4sare n\u00e4r du bes\u00f6ker webbplatsen igen. Anv\u00e4ndarinst\u00e4llningar och annan information kan lagras i cookies. Du kan \u00e5terst\u00e4lla webbl\u00e4saren s\u00e5 att alla cookies nekas eller s\u00e5 att den anger n\u00e4r en cookie skickas. Observera att vissa webbplatsfunktioner eller webbtj\u00e4nster kanske inte fungerar korrekt utan cookies.\u00a0\u00a0<\/p><h3>IP-adresser<\/h3><p>Varje enhet som \u00e4r uppkopplad till internet tilldelas ett unikt nummer, d v s en IP-adress (Internet protocol). Eftersom dessa nummer tilldelas i geografiska block kan en IP-adress ofta anv\u00e4ndas f\u00f6r att identifiera varifr\u00e5n en enhet kopplar upp till internet.\u00a0<\/p><h3>Pixeltaggar<\/h3><p>En pixeltagg \u00e4r en typ av teknik som placeras p\u00e5 en webbplats eller i br\u00f6dtexten i ett e-postmeddelande i syfte att registrera vad som sker p\u00e5 en webbplats eller n\u00e4r e-post \u00f6ppnas eller h\u00e4mtas. Pixeltaggar anv\u00e4nds ofta i kombination med cookies.\u00a0<\/p><h3>Personliga uppgifter<\/h3><p>Det h\u00e4r \u00e4r uppgifter som du skickar till oss och som identifierar dig personligen, till exempel namn, e-postadress, faktureringsinformation eller andra uppgifter.<\/p><h3><strong>HTTP-referent<\/strong><\/h3><p>HTTP-referenten \u00e4r information som webbl\u00e4saren skickar till en webbsida som ska \u00f6ppnas, i typfallet n\u00e4r du klickar p\u00e5 en l\u00e4nk till den webbsidan. HTTP-referenten \u00e4r webbadressen till den senaste webbsidan som webbl\u00e4saren bes\u00f6kte.<\/p><h3><strong>Serverloggar<\/strong><\/h3><p>Precis som de flesta webbplatser registrerar v\u00e5ra servrar automatiskt sidf\u00f6rfr\u00e5gningar som g\u00f6rs n\u00e4r du bes\u00f6ker v\u00e5ra webbplatser. Dessa \u201dserverloggar\u201d omfattar vanligtvis din sidf\u00f6rfr\u00e5gning, IP-adress, webbl\u00e4sartyp, webbl\u00e4sarspr\u00e5k, datum och tid f\u00f6r din f\u00f6rfr\u00e5gan och en eller flera cookies som kan identifiera din webbl\u00e4sare.<\/p><h2 id=\"gallringspolicy\">ROI Rekryterings Gallringspolicy<\/h2><p>Personuppgifter bevaras endast s\u00e5 l\u00e4nge som det finns behov av att bevara dem f\u00f6r att fullg\u00f6ra de \u00e4ndam\u00e5l som uppgifterna samlades in f\u00f6r, men aldrig senare \u00e4n 24 m\u00e5nader. Uppgifterna kan dock beh\u00f6va sparas f\u00f6r annat \u00e4ndam\u00e5l, d\u00e5 med h\u00e4nsyn till exempelvis Diskrimineringslagen.<\/p><p>Vill\u00a0vi anv\u00e4nda uppgifterna l\u00e4ngre, till exempel f\u00f6r framtida rekrytering,\u00a0kommer Roi\u00a0Rekrytering att s\u00e4kra upp att arbetss\u00f6kande informeras och samtycka till fortsatt registrering via e-post.<\/p><p>Personuppgifter kopplat till kunder och leverant\u00f6rer sparas s\u00e5 l\u00e4nge dessa \u00e4r aktuella f\u00f6r den l\u00f6pande\u00a0relationen och till\u00a0marknadsf\u00f6rings- och\u00a0informations\u00e4ndam\u00e5l.<\/p><h2 id=\"miljo\">ROI Rekryterings Milj\u00f6 och H\u00e5llbarhets policy<\/h2><p>ROI Rekrytering str\u00e4var efter att v\u00e5r verksamhet ska ha s\u00e5 lite milj\u00f6p\u00e5verkan som m\u00f6jligt b\u00e5de internt i den egna verksamheten och externt hos v\u00e5ra kunder.<\/p><p>Vi arbetar d\u00e4rf\u00f6r kontinuerligt med att:<\/p><ul><li>\u00f6ka kunskapen och h\u00f6ja medvetandet kring milj\u00f6fr\u00e5gor hos alla anst\u00e4llda<\/li><li>i den grad det \u00e4r m\u00f6jligt p\u00e5verka och st\u00e4lla krav p\u00e5 de vi samarbetar med, andra f\u00f6retag, leverant\u00f6rer, myndigheter och organisationer, om vikten av att ha ett h\u00e5llbart milj\u00f6t\u00e4nk i alla led<\/li><li>f\u00f6rebygga f\u00f6roreningar i luft, mark och vatten genom att beakta milj\u00f6p\u00e5verkan av det vi g\u00f6r b\u00e5de i form av resor men \u00e4ven k\u00e4llsortering, utskrifter med mera.<\/li><li>st\u00e4ndigt str\u00e4va efter att f\u00f6rb\u00e4ttra utnyttjandet av v\u00e5ra resurser inom f\u00f6retaget.<\/li><\/ul><p>Med v\u00e5rt rekryteringsverktyg hj\u00e4lper vi v\u00e5ra kunder att minska sin milj\u00f6p\u00e5verkan genom bland annat minskad f\u00f6rbrukning av papper, toners och resor d\u00e5 hela rekryteringsverktyget \u00e4r molnbaserat och tillg\u00e4ngligt via internet.<\/p><p>Vi uppmanar v\u00e5ra anst\u00e4llda att inte resa i on\u00f6dan och att v\u00e4lja milj\u00f6v\u00e4nliga transportmedel s\u00e5 l\u00e5ngt det \u00e4r m\u00f6jligt vid resor. Vi tar h\u00e4nsyn till milj\u00f6n i det dagliga arbetet genom att inte printa annat \u00e4n n\u00e4r det \u00e4r n\u00f6dv\u00e4ndigt, att i f\u00f6rsta hand genomf\u00f6ra m\u00f6ten via webben och att sopsortera s\u00e5 l\u00e5ngt det g\u00e5r.<\/p>\t\t\t\t\t\t\t\t<\/div>\n\t\t\t\t<\/div>\n\t\t\t\t\t<\/div>\n\t\t\t\t<\/div>\n\t\t\t\t<\/div>","protected":false},"excerpt":{"rendered":"<p>Sekretess- och integritetspolicy N\u00e4r du anv\u00e4nder ROI Rekrytering och Rekryteringsakademins tj\u00e4nster anf\u00f6rtror du oss dina uppgifter. I den h\u00e4r sekretesspolicyn f\u00f6rklarar vi vilken data vi samlar in, varf\u00f6r vi samlar in den och vad vi anv\u00e4nder den till. Det h\u00e4r \u00e4r viktigt! Vi hoppas att du vill avs\u00e4tta lite tid f\u00f6r att l\u00e4sa igenom policyn [&hellip;]<\/p>\n","protected":false},"author":5,"featured_media":0,"parent":0,"menu_order":0,"comment_status":"closed","ping_status":"closed","template":"","meta":{"footnotes":""},"class_list":["post-3","page","type-page","status-publish","hentry"],"_links":{"self":[{"href":"https:\/\/roirekrytering.stagingidentitet.se\/en\/wp-json\/wp\/v2\/pages\/3","targetHints":{"allow":["GET"]}}],"collection":[{"href":"https:\/\/roirekrytering.stagingidentitet.se\/en\/wp-json\/wp\/v2\/pages"}],"about":[{"href":"https:\/\/roirekrytering.stagingidentitet.se\/en\/wp-json\/wp\/v2\/types\/page"}],"author":[{"embeddable":true,"href":"https:\/\/roirekrytering.stagingidentitet.se\/en\/wp-json\/wp\/v2\/users\/5"}],"replies":[{"embeddable":true,"href":"https:\/\/roirekrytering.stagingidentitet.se\/en\/wp-json\/wp\/v2\/comments?post=3"}],"version-history":[{"count":0,"href":"https:\/\/roirekrytering.stagingidentitet.se\/en\/wp-json\/wp\/v2\/pages\/3\/revisions"}],"wp:attachment":[{"href":"https:\/\/roirekrytering.stagingidentitet.se\/en\/wp-json\/wp\/v2\/media?parent=3"}],"curies":[{"name":"wp","href":"https:\/\/api.w.org\/{rel}","templated":true}]}}