{"id":560,"date":"2024-05-30T11:15:20","date_gmt":"2024-05-30T11:15:20","guid":{"rendered":"https:\/\/gdjqw.beeweb-orange.io\/?page_id=560"},"modified":"2026-04-09T15:58:20","modified_gmt":"2026-04-09T15:58:20","slug":"om-oss","status":"publish","type":"page","link":"https:\/\/roirekrytering.stagingidentitet.se\/en\/om-oss\/","title":{"rendered":"About us"},"content":{"rendered":"\t\t<div data-elementor-type=\"wp-page\" data-elementor-id=\"560\" class=\"elementor elementor-560\" data-elementor-post-type=\"page\">\n\t\t\t\t<div class=\"has_eae_slider elementor-element elementor-element-48e8ee9 e-con-full e-flex e-con e-child\" data-id=\"48e8ee9\" data-element_type=\"container\" data-settings=\"{&quot;background_background&quot;:&quot;classic&quot;,&quot;background_motion_fx_motion_fx_scrolling&quot;:&quot;yes&quot;,&quot;background_motion_fx_translateY_effect&quot;:&quot;yes&quot;,&quot;shape_divider_bottom&quot;:&quot;waves&quot;,&quot;shape_divider_bottom_negative&quot;:&quot;yes&quot;,&quot;background_motion_fx_translateY_speed&quot;:{&quot;unit&quot;:&quot;px&quot;,&quot;size&quot;:4,&quot;sizes&quot;:[]},&quot;background_motion_fx_translateY_affectedRange&quot;:{&quot;unit&quot;:&quot;%&quot;,&quot;size&quot;:&quot;&quot;,&quot;sizes&quot;:{&quot;start&quot;:0,&quot;end&quot;:100}},&quot;background_motion_fx_devices&quot;:[&quot;desktop&quot;,&quot;tablet&quot;,&quot;mobile&quot;]}\">\n\t\t\t\t<div class=\"elementor-shape elementor-shape-bottom\" data-negative=\"true\">\n\t\t\t<svg xmlns=\"http:\/\/www.w3.org\/2000\/svg\" viewBox=\"0 0 1000 100\" preserveAspectRatio=\"none\">\n\t<path class=\"elementor-shape-fill\" d=\"M790.5,93.1c-59.3-5.3-116.8-18-192.6-50c-29.6-12.7-76.9-31-100.5-35.9c-23.6-4.9-52.6-7.8-75.5-5.3\n\tc-10.2,1.1-22.6,1.4-50.1,7.4c-27.2,6.3-58.2,16.6-79.4,24.7c-41.3,15.9-94.9,21.9-134,22.6C72,58.2,0,25.8,0,25.8V100h1000V65.3\n\tc0,0-51.5,19.4-106.2,25.7C839.5,97,814.1,95.2,790.5,93.1z\"\/>\n<\/svg>\t\t<\/div>\n\t\t<div class=\"has_eae_slider elementor-element elementor-element-768c62e e-flex e-con-boxed e-con e-child\" data-id=\"768c62e\" data-element_type=\"container\">\n\t\t\t\t\t<div class=\"e-con-inner\">\n\t\t\t\t<div class=\"elementor-element elementor-element-92d5b15 elementor-widget elementor-widget-heading\" data-id=\"92d5b15\" data-element_type=\"widget\" data-widget_type=\"heading.default\">\n\t\t\t\t<div class=\"elementor-widget-container\">\n\t\t\t\t\t<h1 class=\"elementor-heading-title elementor-size-default\">V\u00e5r story<\/h1>\t\t\t\t<\/div>\n\t\t\t\t<\/div>\n\t\t\t\t\t<\/div>\n\t\t\t\t<\/div>\n\t\t\t\t<\/div>\n\t\t<div class=\"has_eae_slider elementor-element elementor-element-eb8b1d6 e-con-full e-flex e-con e-parent\" data-id=\"eb8b1d6\" data-element_type=\"container\">\n\t\t\t\t<div class=\"elementor-element elementor-element-8f68190 elementor-headline--style-highlight elementor-widget elementor-widget-animated-headline\" data-id=\"8f68190\" data-element_type=\"widget\" data-settings=\"{&quot;marker&quot;:&quot;underline&quot;,&quot;highlighted_text&quot;:&quot;investeringen!&quot;,&quot;headline_style&quot;:&quot;highlight&quot;,&quot;loop&quot;:&quot;yes&quot;,&quot;highlight_animation_duration&quot;:1200,&quot;highlight_iteration_delay&quot;:8000}\" data-widget_type=\"animated-headline.default\">\n\t\t\t\t<div class=\"elementor-widget-container\">\n\t\t\t\t\t\t\t<h3 class=\"elementor-headline\">\n\t\t\t\t\t<span class=\"elementor-headline-plain-text elementor-headline-text-wrapper\">M\u00e4nniskan - den b\u00e4sta<\/span>\n\t\t\t\t<span class=\"elementor-headline-dynamic-wrapper elementor-headline-text-wrapper\">\n\t\t\t\t\t<span class=\"elementor-headline-dynamic-text elementor-headline-text-active\">investeringen!<\/span>\n\t\t\t\t<\/span>\n\t\t\t\t<\/h3>\n\t\t\t\t\t\t<\/div>\n\t\t\t\t<\/div>\n\t\t\t\t<div class=\"elementor-element elementor-element-576fbbb elementor-widget elementor-widget-text-editor\" data-id=\"576fbbb\" data-element_type=\"widget\" data-widget_type=\"text-editor.default\">\n\t\t\t\t<div class=\"elementor-widget-container\">\n\t\t\t\t\t\t\t\t\t<div><strong><em>ROI betyder avkastning p\u00e5 investering &#8211; och f\u00f6r oss \u00e4r en lyckad rekrytering alltid det. Som medarbetar\u00e4gt bolag\u00a0 och med snart 20 \u00e5r i branschen vet vi att m\u00e4nniskor \u00e4r verksamhetens absolut viktigaste tillg\u00e5ng!<\/em><\/strong><\/div><div>\u00a0<\/div><div><span style=\"font-family: -apple-system, BlinkMacSystemFont, 'Segoe UI', Roboto, 'Helvetica Neue', Arial, 'Noto Sans', sans-serif, 'Apple Color Emoji', 'Segoe UI Emoji', 'Segoe UI Symbol', 'Noto Color Emoji';\">Allt b\u00f6rjade en oktoberdag 2008, na\u0308r en grupp erfarna rekryterare best\u00e4mde sig f\u00f6r att f\u00f6r\u00e4ndra rekryteringsbranschen. De gav sig inte, det m\u00e5ste finnas ett s\u00e4tt f\u00f6r fo\u0308retag att slippa komplicerade processer, gammeldags metoder och on\u00f6digt dyra fakturor och samtidigt bli b\u00e4ttre pa\u030a att rekrytera.<\/span><\/div><div>\u00a0<\/div><div><span style=\"font-family: -apple-system, BlinkMacSystemFont, 'Segoe UI', Roboto, 'Helvetica Neue', Arial, 'Noto Sans', sans-serif, 'Apple Color Emoji', 'Segoe UI Emoji', 'Segoe UI Symbol', 'Noto Color Emoji';\"><strong>Fr\u00e5n ord till handling &#8211; ROI skapades!<\/strong> Vi kombinerade rekrytering med att bygga ett rekryteringsverktyg som gjorde det smidigare att hitta, f\u00f6lja upp och anst\u00e4lla, l\u00e5ngt innan branschen ens b\u00f6rjade prata om digitalisering. Vi var tidiga, kanske till och med f\u00f6r tidiga, men en sak l\u00e4rde vi oss snabbt &#8211; teknik kan skapa effektivitet, men det \u00e4r <strong>m\u00e4nniskor som skapar resultat.<\/strong><\/span><\/div><div>\u00a0<\/div><div><span style=\"font-family: -apple-system, BlinkMacSystemFont, 'Segoe UI', Roboto, 'Helvetica Neue', Arial, 'Noto Sans', sans-serif, 'Apple Color Emoji', 'Segoe UI Emoji', 'Segoe UI Symbol', 'Noto Color Emoji';\">\u00c5ren gick, uppdragen blev fler och n\u00e4tverket bredare. Vi v\u00e4xte, pr\u00f6vade nytt och en kort period var vi en del av en st\u00f6rre koncern. Det gav oss erfarenheter och perspektiv som vi v\u00e4rderar h\u00f6gt, men det gjorde ocks\u00e5 n\u00e5got annat. Det v\u00e4ckte saknaden efter det som l\u00e5g n\u00e4rmast hj\u00e4rtat &#8211; <strong>n\u00e4rheten, snabbheten och relationerna<\/strong>. Att f\u00e5 arbeta n\u00e4ra kunderna och varandra, utan on\u00f6digt avst\u00e5nd mellan behov och beslut.<\/span><\/div><div>\u00a0<\/div><div><span style=\"font-family: -apple-system, BlinkMacSystemFont, 'Segoe UI', Roboto, 'Helvetica Neue', Arial, 'Noto Sans', sans-serif, 'Apple Color Emoji', 'Segoe UI Emoji', 'Segoe UI Symbol', 'Noto Color Emoji';\">D\u00e4rf\u00f6r valde vi att g\u00e5 tillbaka till v\u00e5ra r\u00f6tter. Till ett bolag d\u00e4r rekrytering st\u00e5r i fokus, d\u00e4r \u00e4gande, ansvar och stolthet finns hos dem som varje dag m\u00f6ter kunder och kandidater. Sedan <strong>1 oktober 2025 \u00e4r vi medarbetar\u00e4gda<\/strong>, precis som vi tror att det ska vara. Det m\u00e4rks i samtalen, i engagemanget och i varje matchning vi g\u00f6r.<\/span><\/div><div>\u00a0<\/div><div><span style=\"font-family: -apple-system, BlinkMacSystemFont, 'Segoe UI', Roboto, 'Helvetica Neue', Arial, 'Noto Sans', sans-serif, 'Apple Color Emoji', 'Segoe UI Emoji', 'Segoe UI Symbol', 'Noto Color Emoji';\">Vi har snart <\/span><strong style=\"font-family: -apple-system, BlinkMacSystemFont, 'Segoe UI', Roboto, 'Helvetica Neue', Arial, 'Noto Sans', sans-serif, 'Apple Color Emoji', 'Segoe UI Emoji', 'Segoe UI Symbol', 'Noto Color Emoji';\">tv\u00e5 decennier bakom oss<\/strong><span style=\"font-family: -apple-system, BlinkMacSystemFont, 'Segoe UI', Roboto, 'Helvetica Neue', Arial, 'Noto Sans', sans-serif, 'Apple Color Emoji', 'Segoe UI Emoji', 'Segoe UI Symbol', 'Noto Color Emoji';\"> och varje \u00e5r har l\u00e4rt oss n\u00e5got nytt. Resan forts\u00e4tter. Med fler m\u00e4nniskor att m\u00f6ta, fler f\u00f6retag att st\u00e4rka och fler m\u00f6jligheter att skapa matchningar som f\u00f6r\u00e4ndrar team, verksamheter och karri\u00e4rer.<\/span><\/div><div>\u00a0<\/div><div><span style=\"font-family: -apple-system, BlinkMacSystemFont, 'Segoe UI', Roboto, 'Helvetica Neue', Arial, 'Noto Sans', sans-serif, 'Apple Color Emoji', 'Segoe UI Emoji', 'Segoe UI Symbol', 'Noto Color Emoji';\">Och allt b\u00f6rjade med en tanke &#8211; att<strong> rekrytering kan g\u00f6ras b\u00e4ttre!<\/strong><\/span><\/div>\t\t\t\t\t\t\t\t<\/div>\n\t\t\t\t<\/div>\n\t\t\t\t<\/div>\n\t\t\t\t<\/div>\n\t\t","protected":false},"excerpt":{"rendered":"<p>V\u00e5r story M\u00e4nniskan &#8211; den b\u00e4sta investeringen! ROI betyder avkastning p\u00e5 investering &#8211; och f\u00f6r oss \u00e4r en lyckad rekrytering alltid det. Som medarbetar\u00e4gt bolag\u00a0 och med snart 20 \u00e5r i branschen vet vi att m\u00e4nniskor \u00e4r verksamhetens absolut viktigaste tillg\u00e5ng!\u00a0Allt b\u00f6rjade en oktoberdag 2008, na\u0308r en grupp erfarna rekryterare best\u00e4mde sig f\u00f6r att f\u00f6r\u00e4ndra [&hellip;]<\/p>\n","protected":false},"author":2,"featured_media":0,"parent":0,"menu_order":0,"comment_status":"closed","ping_status":"closed","template":"","meta":{"footnotes":""},"class_list":["post-560","page","type-page","status-publish","hentry"],"_links":{"self":[{"href":"https:\/\/roirekrytering.stagingidentitet.se\/en\/wp-json\/wp\/v2\/pages\/560","targetHints":{"allow":["GET"]}}],"collection":[{"href":"https:\/\/roirekrytering.stagingidentitet.se\/en\/wp-json\/wp\/v2\/pages"}],"about":[{"href":"https:\/\/roirekrytering.stagingidentitet.se\/en\/wp-json\/wp\/v2\/types\/page"}],"author":[{"embeddable":true,"href":"https:\/\/roirekrytering.stagingidentitet.se\/en\/wp-json\/wp\/v2\/users\/2"}],"replies":[{"embeddable":true,"href":"https:\/\/roirekrytering.stagingidentitet.se\/en\/wp-json\/wp\/v2\/comments?post=560"}],"version-history":[{"count":0,"href":"https:\/\/roirekrytering.stagingidentitet.se\/en\/wp-json\/wp\/v2\/pages\/560\/revisions"}],"wp:attachment":[{"href":"https:\/\/roirekrytering.stagingidentitet.se\/en\/wp-json\/wp\/v2\/media?parent=560"}],"curies":[{"name":"wp","href":"https:\/\/api.w.org\/{rel}","templated":true}]}}